{"id":333,"date":"2024-08-16T18:09:10","date_gmt":"2024-08-16T18:09:10","guid":{"rendered":"https:\/\/cabopinojetski.com\/?post_type=product&#038;p=333"},"modified":"2025-09-07T14:50:20","modified_gmt":"2025-09-07T14:50:20","slug":"excursion-en-jet-ski-en-mar-abierto","status":"publish","type":"product","link":"https:\/\/cabopinojetski.com\/en\/product\/excursion-en-jet-ski-en-mar-abierto\/","title":{"rendered":"Open Sea Jet Ski Excursion"},"content":{"rendered":"<p>The service is provided at <a href=\"https:\/\/www.google.es\/maps\/place\/Cabopino+Jet+Ski\/@36.4861851,-4.743622,16.63z\/data=!4m6!3m5!1s0xd7321d38f5abf3d:0xf80f1fa2919f2887!8m2!3d36.4852482!4d-4.7410613!16s%2Fg%2F11q988rnlv?hl=es&amp;entry=ttu\" target=\"_blank\" rel=\"noopener\">Cabopino Jet Ski<\/a>. Upon arrival at our operations post in the port of Cabopino, we will provide you with instructions on <strong>safety measures and service standards<\/strong>. We will also provide you with the necessary <strong>safety equipment<\/strong> and a <strong>contract that you must sign<\/strong>.<\/p>\n<p>Booking the excursion requires hiring a <strong>minimum of 2 jet skis.<\/strong>.<br \/>\nEach Jet Ski accepts a maximum of two passengers.<\/p>\n<p>The reservation time corresponds to the time of arrival of the crew members at the Cabopino Jet Ski position to begin the procedures described above. The exact start time of the service will depend on different conditions and may vary. <strong>The duration of the jet ski rental refers to the effective time.<\/strong><\/p>","protected":false},"excerpt":{"rendered":"<p>Booking the excursion requires hiring a <strong>minimum of 2 jet skis.<\/strong>Each Jet Ski accepts a maximum of two passengers.<\/p>","protected":false},"featured_media":201,"template":"","meta":{"neve_meta_sidebar":"","neve_meta_container":"","neve_meta_enable_content_width":"off","neve_meta_content_width":100,"neve_meta_title_alignment":"","neve_meta_author_avatar":"","neve_post_elements_order":"","neve_meta_disable_header":"","neve_meta_disable_footer":"","neve_meta_disable_title":"","_themeisle_gutenberg_block_has_review":false},"product_brand":[],"product_cat":[30],"product_tag":[],"class_list":{"0":"post-333","1":"product","2":"type-product","3":"status-publish","4":"has-post-thumbnail","6":"product_cat-reservas","8":"first","9":"instock","10":"shipping-taxable","11":"purchasable","12":"product-type-variable","13":"has-default-attributes"},"yoast_head":"<!-- This site is optimized with the Yoast SEO plugin v26.2 - https:\/\/yoast.com\/wordpress\/plugins\/seo\/ -->\n<title>Excursi\u00f3n en Jet Ski en mar abierto - Cabopino Jet Ski<\/title>\n<meta name=\"robots\" content=\"index, follow, max-snippet:-1, max-image-preview:large, max-video-preview:-1\" \/>\n<link rel=\"canonical\" href=\"https:\/\/cabopinojetski.com\/en\/product\/excursion-en-jet-ski-en-mar-abierto\/\" \/>\n<meta property=\"og:locale\" content=\"en_US\" \/>\n<meta property=\"og:type\" content=\"article\" \/>\n<meta property=\"og:title\" content=\"Excursi\u00f3n en Jet Ski en mar abierto - Cabopino Jet Ski\" \/>\n<meta property=\"og:description\" content=\"La reserva de la excursi\u00f3n supone contratar un m\u00ednimo de 2 motos de agua. Cada Jet Ski admite un m\u00e1ximo de dos pasajeros.\" \/>\n<meta property=\"og:url\" content=\"https:\/\/cabopinojetski.com\/en\/product\/excursion-en-jet-ski-en-mar-abierto\/\" \/>\n<meta property=\"og:site_name\" content=\"Cabopino Jet Ski\" \/>\n<meta property=\"article:modified_time\" content=\"2025-09-07T14:50:20+00:00\" \/>\n<meta property=\"og:image\" content=\"https:\/\/cabopinojetski.com\/wp-content\/uploads\/2024\/08\/Foto-15-8-23-19-01-45-scaled.jpg\" \/>\n\t<meta property=\"og:image:width\" content=\"2560\" \/>\n\t<meta property=\"og:image:height\" content=\"1707\" \/>\n\t<meta property=\"og:image:type\" content=\"image\/jpeg\" \/>\n<meta name=\"twitter:card\" content=\"summary_large_image\" \/>\n<meta name=\"twitter:label1\" content=\"Est. reading time\" \/>\n\t<meta name=\"twitter:data1\" content=\"1 minute\" \/>\n<script type=\"application\/ld+json\" class=\"yoast-schema-graph\">{\"@context\":\"https:\/\/schema.org\",\"@graph\":[{\"@type\":\"WebPage\",\"@id\":\"https:\/\/cabopinojetski.com\/producto\/excursion-en-jet-ski-en-mar-abierto\/\",\"url\":\"https:\/\/cabopinojetski.com\/producto\/excursion-en-jet-ski-en-mar-abierto\/\",\"name\":\"Excursi\u00f3n en Jet Ski en mar abierto - Cabopino Jet Ski\",\"isPartOf\":{\"@id\":\"https:\/\/cabopinojetski.com\/#website\"},\"primaryImageOfPage\":{\"@id\":\"https:\/\/cabopinojetski.com\/producto\/excursion-en-jet-ski-en-mar-abierto\/#primaryimage\"},\"image\":{\"@id\":\"https:\/\/cabopinojetski.com\/producto\/excursion-en-jet-ski-en-mar-abierto\/#primaryimage\"},\"thumbnailUrl\":\"https:\/\/cabopinojetski.com\/wp-content\/uploads\/2024\/08\/Foto-15-8-23-19-01-45-scaled.jpg\",\"datePublished\":\"2024-08-16T18:09:10+00:00\",\"dateModified\":\"2025-09-07T14:50:20+00:00\",\"breadcrumb\":{\"@id\":\"https:\/\/cabopinojetski.com\/producto\/excursion-en-jet-ski-en-mar-abierto\/#breadcrumb\"},\"inLanguage\":\"en-US\",\"potentialAction\":[{\"@type\":\"ReadAction\",\"target\":[\"https:\/\/cabopinojetski.com\/producto\/excursion-en-jet-ski-en-mar-abierto\/\"]}]},{\"@type\":\"ImageObject\",\"inLanguage\":\"en-US\",\"@id\":\"https:\/\/cabopinojetski.com\/producto\/excursion-en-jet-ski-en-mar-abierto\/#primaryimage\",\"url\":\"https:\/\/cabopinojetski.com\/wp-content\/uploads\/2024\/08\/Foto-15-8-23-19-01-45-scaled.jpg\",\"contentUrl\":\"https:\/\/cabopinojetski.com\/wp-content\/uploads\/2024\/08\/Foto-15-8-23-19-01-45-scaled.jpg\",\"width\":2560,\"height\":1707,\"caption\":\"Cabopino Jet Ski | Alquiler de Motos de Agua en Marbella\"},{\"@type\":\"BreadcrumbList\",\"@id\":\"https:\/\/cabopinojetski.com\/producto\/excursion-en-jet-ski-en-mar-abierto\/#breadcrumb\",\"itemListElement\":[{\"@type\":\"ListItem\",\"position\":1,\"name\":\"Portada\",\"item\":\"https:\/\/cabopinojetski.com\/\"},{\"@type\":\"ListItem\",\"position\":2,\"name\":\"Tienda\",\"item\":\"https:\/\/cabopinojetski.com\/tienda\/\"},{\"@type\":\"ListItem\",\"position\":3,\"name\":\"Excursi\u00f3n en Jet Ski en mar abierto\"}]},{\"@type\":\"WebSite\",\"@id\":\"https:\/\/cabopinojetski.com\/#website\",\"url\":\"https:\/\/cabopinojetski.com\/\",\"name\":\"Cabopino Jet Ski\",\"description\":\"Jet Ski Rental Marbella, alquiler de motos de agua\",\"potentialAction\":[{\"@type\":\"SearchAction\",\"target\":{\"@type\":\"EntryPoint\",\"urlTemplate\":\"https:\/\/cabopinojetski.com\/?s={search_term_string}\"},\"query-input\":{\"@type\":\"PropertyValueSpecification\",\"valueRequired\":true,\"valueName\":\"search_term_string\"}}],\"inLanguage\":\"en-US\"}]}<\/script>\n<!-- \/ Yoast SEO plugin. -->","yoast_head_json":{"title":"Excursi\u00f3n en Jet Ski en mar abierto - Cabopino Jet Ski","robots":{"index":"index","follow":"follow","max-snippet":"max-snippet:-1","max-image-preview":"max-image-preview:large","max-video-preview":"max-video-preview:-1"},"canonical":"https:\/\/cabopinojetski.com\/en\/product\/excursion-en-jet-ski-en-mar-abierto\/","og_locale":"en_US","og_type":"article","og_title":"Excursi\u00f3n en Jet Ski en mar abierto - Cabopino Jet Ski","og_description":"La reserva de la excursi\u00f3n supone contratar un m\u00ednimo de 2 motos de agua. Cada Jet Ski admite un m\u00e1ximo de dos pasajeros.","og_url":"https:\/\/cabopinojetski.com\/en\/product\/excursion-en-jet-ski-en-mar-abierto\/","og_site_name":"Cabopino Jet Ski","article_modified_time":"2025-09-07T14:50:20+00:00","og_image":[{"width":2560,"height":1707,"url":"https:\/\/cabopinojetski.com\/wp-content\/uploads\/2024\/08\/Foto-15-8-23-19-01-45-scaled.jpg","type":"image\/jpeg"}],"twitter_card":"summary_large_image","twitter_misc":{"Est. reading time":"1 minute"},"schema":{"@context":"https:\/\/schema.org","@graph":[{"@type":"WebPage","@id":"https:\/\/cabopinojetski.com\/producto\/excursion-en-jet-ski-en-mar-abierto\/","url":"https:\/\/cabopinojetski.com\/producto\/excursion-en-jet-ski-en-mar-abierto\/","name":"Excursi\u00f3n en Jet Ski en mar abierto - Cabopino Jet Ski","isPartOf":{"@id":"https:\/\/cabopinojetski.com\/#website"},"primaryImageOfPage":{"@id":"https:\/\/cabopinojetski.com\/producto\/excursion-en-jet-ski-en-mar-abierto\/#primaryimage"},"image":{"@id":"https:\/\/cabopinojetski.com\/producto\/excursion-en-jet-ski-en-mar-abierto\/#primaryimage"},"thumbnailUrl":"https:\/\/cabopinojetski.com\/wp-content\/uploads\/2024\/08\/Foto-15-8-23-19-01-45-scaled.jpg","datePublished":"2024-08-16T18:09:10+00:00","dateModified":"2025-09-07T14:50:20+00:00","breadcrumb":{"@id":"https:\/\/cabopinojetski.com\/producto\/excursion-en-jet-ski-en-mar-abierto\/#breadcrumb"},"inLanguage":"en-US","potentialAction":[{"@type":"ReadAction","target":["https:\/\/cabopinojetski.com\/producto\/excursion-en-jet-ski-en-mar-abierto\/"]}]},{"@type":"ImageObject","inLanguage":"en-US","@id":"https:\/\/cabopinojetski.com\/producto\/excursion-en-jet-ski-en-mar-abierto\/#primaryimage","url":"https:\/\/cabopinojetski.com\/wp-content\/uploads\/2024\/08\/Foto-15-8-23-19-01-45-scaled.jpg","contentUrl":"https:\/\/cabopinojetski.com\/wp-content\/uploads\/2024\/08\/Foto-15-8-23-19-01-45-scaled.jpg","width":2560,"height":1707,"caption":"Cabopino Jet Ski | Alquiler de Motos de Agua en Marbella"},{"@type":"BreadcrumbList","@id":"https:\/\/cabopinojetski.com\/producto\/excursion-en-jet-ski-en-mar-abierto\/#breadcrumb","itemListElement":[{"@type":"ListItem","position":1,"name":"Portada","item":"https:\/\/cabopinojetski.com\/"},{"@type":"ListItem","position":2,"name":"Tienda","item":"https:\/\/cabopinojetski.com\/tienda\/"},{"@type":"ListItem","position":3,"name":"Excursi\u00f3n en Jet Ski en mar abierto"}]},{"@type":"WebSite","@id":"https:\/\/cabopinojetski.com\/#website","url":"https:\/\/cabopinojetski.com\/","name":"Cabopino Jet Ski","description":"Jet Ski Rental Marbella, alquiler de motos de agua","potentialAction":[{"@type":"SearchAction","target":{"@type":"EntryPoint","urlTemplate":"https:\/\/cabopinojetski.com\/?s={search_term_string}"},"query-input":{"@type":"PropertyValueSpecification","valueRequired":true,"valueName":"search_term_string"}}],"inLanguage":"en-US"}]}},"_links":{"self":[{"href":"https:\/\/cabopinojetski.com\/en\/wp-json\/wp\/v2\/product\/333","targetHints":{"allow":["GET"]}}],"collection":[{"href":"https:\/\/cabopinojetski.com\/en\/wp-json\/wp\/v2\/product"}],"about":[{"href":"https:\/\/cabopinojetski.com\/en\/wp-json\/wp\/v2\/types\/product"}],"wp:featuredmedia":[{"embeddable":true,"href":"https:\/\/cabopinojetski.com\/en\/wp-json\/wp\/v2\/media\/201"}],"wp:attachment":[{"href":"https:\/\/cabopinojetski.com\/en\/wp-json\/wp\/v2\/media?parent=333"}],"wp:term":[{"taxonomy":"product_brand","embeddable":true,"href":"https:\/\/cabopinojetski.com\/en\/wp-json\/wp\/v2\/product_brand?post=333"},{"taxonomy":"product_cat","embeddable":true,"href":"https:\/\/cabopinojetski.com\/en\/wp-json\/wp\/v2\/product_cat?post=333"},{"taxonomy":"product_tag","embeddable":true,"href":"https:\/\/cabopinojetski.com\/en\/wp-json\/wp\/v2\/product_tag?post=333"}],"curies":[{"name":"wp","href":"https:\/\/api.w.org\/{rel}","templated":true}]}}